{"id":436,"date":"2022-08-05T14:55:55","date_gmt":"2022-08-05T14:55:55","guid":{"rendered":"http:\/\/www.bavet.com.tr\/en\/?page_id=436"},"modified":"2022-08-18T07:25:46","modified_gmt":"2022-08-18T07:25:46","slug":"aquaculture","status":"publish","type":"page","link":"https:\/\/www.bavet.com.tr\/en\/products\/animal-health\/aquaculture\/","title":{"rendered":"Aquaculture"},"content":{"rendered":"\t\t<div data-elementor-type=\"wp-page\" data-elementor-id=\"436\" class=\"elementor elementor-436\" data-elementor-post-type=\"page\">\n\t\t\t\t\t\t<section class=\"elementor-section elementor-top-section elementor-element elementor-element-22c5cb0 elementor-section-content-middle elementor-section-height-min-height elementor-section-boxed elementor-section-height-default elementor-section-items-middle\" data-id=\"22c5cb0\" data-element_type=\"section\">\n\t\t\t\t\t\t<div class=\"elementor-container elementor-column-gap-default\">\n\t\t\t\t\t<div class=\"elementor-column elementor-col-33 elementor-top-column elementor-element elementor-element-ea64ddc\" data-id=\"ea64ddc\" data-element_type=\"column\">\n\t\t\t<div class=\"elementor-widget-wrap elementor-element-populated\">\n\t\t\t\t\t\t<div class=\"elementor-element elementor-element-44feb51 elementor-widget elementor-widget-heading\" data-id=\"44feb51\" data-element_type=\"widget\" data-widget_type=\"heading.default\">\n\t\t\t\t<div class=\"elementor-widget-container\">\n\t\t\t\t\t<h2 class=\"elementor-heading-title elementor-size-default\">Aquaculture<\/h2>\t\t\t\t<\/div>\n\t\t\t\t<\/div>\n\t\t\t\t\t<\/div>\n\t\t<\/div>\n\t\t\t\t<div class=\"elementor-column elementor-col-33 elementor-top-column elementor-element elementor-element-0f61714\" data-id=\"0f61714\" data-element_type=\"column\">\n\t\t\t<div class=\"elementor-widget-wrap elementor-element-populated\">\n\t\t\t\t\t\t<div class=\"elementor-element elementor-element-c085631 elementor-widget elementor-widget-image\" data-id=\"c085631\" data-element_type=\"widget\" data-widget_type=\"image.default\">\n\t\t\t\t<div class=\"elementor-widget-container\">\n\t\t\t\t\t\t\t\t\t\t\t\t\t\t\t<img decoding=\"async\" width=\"300\" height=\"127\" src=\"https:\/\/www.bavet.com.tr\/en\/wp-content\/uploads\/2022\/08\/Group-122-300x127.png\" class=\"attachment-medium size-medium wp-image-509\" alt=\"\" srcset=\"https:\/\/www.bavet.com.tr\/en\/wp-content\/uploads\/2022\/08\/Group-122-300x127.png 300w, https:\/\/www.bavet.com.tr\/en\/wp-content\/uploads\/2022\/08\/Group-122.png 468w\" sizes=\"(max-width: 300px) 100vw, 300px\" style=\"width:100%;height:42.31%;max-width:468px\" \/>\t\t\t\t\t\t\t\t\t\t\t\t\t\t\t<\/div>\n\t\t\t\t<\/div>\n\t\t\t\t\t<\/div>\n\t\t<\/div>\n\t\t\t\t<div class=\"elementor-column elementor-col-33 elementor-top-column elementor-element elementor-element-eba4704\" data-id=\"eba4704\" data-element_type=\"column\">\n\t\t\t<div class=\"elementor-widget-wrap\">\n\t\t\t\t\t\t\t<\/div>\n\t\t<\/div>\n\t\t\t\t\t<\/div>\n\t\t<\/section>\n\t\t\t\t<section class=\"elementor-section elementor-top-section elementor-element elementor-element-34bc509 elementor-section-content-middle elementor-section-height-min-height elementor-section-boxed elementor-section-height-default elementor-section-items-middle\" data-id=\"34bc509\" data-element_type=\"section\">\n\t\t\t\t\t\t<div class=\"elementor-container elementor-column-gap-default\">\n\t\t\t\t\t<div class=\"elementor-column elementor-col-100 elementor-top-column elementor-element elementor-element-93d0e48\" data-id=\"93d0e48\" data-element_type=\"column\">\n\t\t\t<div class=\"elementor-widget-wrap elementor-element-populated\">\n\t\t\t\t\t\t<div class=\"elementor-element elementor-element-d738ffd elementor-widget elementor-widget-shortcode\" data-id=\"d738ffd\" data-element_type=\"widget\" data-widget_type=\"shortcode.default\">\n\t\t\t\t<div class=\"elementor-widget-container\">\n\t\t\t\t\t\t\t<div class=\"elementor-shortcode\"><div id=\"footable_parent_407\"\n     class=\"footable_parent ninja_table_wrapper loading_ninja_table wp_table_data_press_parent semantic_ui colored_table\">\n                <table data-ninja_table_instance=\"ninja_table_instance_0\" data-footable_id=\"407\" data-filter-delay=\"1000\" aria-label=\"AQUACULTURE\"            id=\"footable_407\"\n           data-unique_identifier=\"ninja_table_unique_id_342240434_407\"\n           class=\" foo-table ninja_footable foo_table_407 ninja_table_unique_id_342240434_407 ui table  ninja_search_left nt_type_legacy_table single line celled striped vertical_centered ninja_custom_color inverted footable-paging-left ninja_table_search_disabled ninja_table_pro ninja_table_afd_inline ninja_table_has_custom_filter\">\n                <colgroup>\n                            <col class=\"ninja_column_0 \">\n                            <col class=\"ninja_column_1 \">\n                            <col class=\"ninja_column_2 \">\n                            <col class=\"ninja_column_3 \">\n                    <\/colgroup>\n        <thead>\n<tr class=\"footable-header\">\n                                                                        <th scope=\"col\"  class=\"ninja_column_0 ninja_clmn_nm_rn \"> \u00dcR\u00dcN<\/th><th scope=\"col\"  class=\"ninja_column_1 ninja_clmn_nm_tedavsinifi \">TEDAV\u0130 SINIFI<\/th><th scope=\"col\"  class=\"ninja_column_2 ninja_clmn_nm_tcartakdmekl \">T\u0130CAR\u0130 TAKD\u0130M \u015eEKL\u0130<\/th><th scope=\"col\"  class=\"ninja_column_3 ninja_clmn_nm_hedeftr \">HEDEF T\u00dcR<\/th><\/tr>\n<\/thead>\n<tbody>\n\n        <tr data-row_id=\"75\" class=\"ninja_table_row_0 nt_row_id_75\">\n            <td><a style=\"text-decoration: none;text-transform: uppercase;color: #0e54a1\" href=\"\/en\/products\/animal-health\/aquaculture\/baranisin-aqua-oral-toz-vip\/\"><strong>Baranisin Aqua Oral Toz \/ VIP<\/strong><\/a><br \/><span style=\"font-size: 11px\">755 mg oksitetrasiklin hidroklor\u00fcr<\/span><\/td><td>Antibakteriyel<\/td><td><em><strong>1 kg<\/strong><\/em>, <em><strong>5 kg<\/strong><\/em><\/td><td><div style=\"display: none\">Tatl\u0131 Su Bal\u0131klar\u0131, Tuzlu Su Bal\u0131klar\u0131<\/div>\n<div id=\"urun-icon\">\n<div class=\"images\"><img decoding=\"async\" src=\"http:\/\/www.bavet.com.tr\/en\/wp-content\/uploads\/2022\/08\/balik-icon.png\" width=\"35\" height=\"35\" class=\"size-full wp-image-2660\" \/><\/div>\n<\/div><\/td>        <\/tr>\n            <tr data-row_id=\"76\" class=\"ninja_table_row_1 nt_row_id_76\">\n            <td><a style=\"text-decoration: none;text-transform: uppercase;color: #0e54a1\" href=\"\/en\/products\/animal-health\/aquaculture\/vetiflor-aqua-oral-powder-vip\/\"><strong>Vetiflor Aqua Oral Toz \/ VIP<\/strong><\/a><br \/><span style=\"font-size: 11px\">500 mg florfenikol<\/span><\/td><td>Antibakteriyel<\/td><td><em><strong>1 kg<\/strong><\/em>, <em><strong>5 kg<\/strong><\/em><\/td><td><div style=\"display: none\">Bal\u0131k<\/div>\n<div id=\"urun-icon\">\n<div class=\"images\"><img decoding=\"async\" src=\"http:\/\/www.bavet.com.tr\/en\/wp-content\/uploads\/2022\/08\/balik-icon.png\" width=\"35\" height=\"35\" class=\"size-full wp-image-2660\" \/><\/div>\n<\/div><\/td>        <\/tr>\n    <\/tbody><!--ninja_tobody_rendering_done-->\n    <\/table>\n    <style id=\"ninja_table_custom_css_407\" type=\"text\/css\">\n    #footable_407  {\n        font-family: inherit;\n        font-size: 14px;\n    }\n#footable_407,\n#footable_407 table {\n    background-color:  !important;\n    color:  !important;\n    border-color: rgba(230, 230, 230, 1) !important;\n}\n#footable_407 thead tr.footable-filtering th {\n    background-color: rgba(0, 36, 91, 1) !important;\n    color:  !important;\n}\n#footable_407:not(.hide_all_borders) thead tr.footable-filtering th {\n        border : 1px solid transparent !important;\n    }\n#footable_407 .input-group-btn:last-child > .btn:not(:last-child):not(.dropdown-toggle) {\n    background-color:  !important;\n    color: rgba(0, 36, 91, 1) !important;\n}\n#footable_407 tr.footable-header, #footable_407 tr.footable-header th, .colored_table table.ninja_table_pro.inverted.table.footable-details tbody tr th {\n    background-color: rgba(232, 232, 232, 1) !important;\n    color: rgba(0, 36, 91, 1) !important;\n}\n\n#footable_407:not(.hide_all_borders) tbody tr td {\n    border-color: rgba(230, 230, 230, 1) !important;\n}\n#footable_407 tbody tr:hover {\n    background-color:  !important;\n    color:  !important;\n}\n#footable_407 tbody tr:hover td {\n    border-color:  !important;\n}\n#footable_407 tbody tr:nth-child(even) {\n    background-color: rgba(247, 247, 247, 1) !important;\n    color: rgba(35, 35, 35, 1) !important;\n}\n#footable_407 tbody tr:nth-child(odd) {\n    background-color: rgba(255, 255, 255, 1) !important;\n    color: rgba(35, 35, 35, 1) !important;\n}\n#footable_407 tbody tr:nth-child(even):hover {\n    background-color: rgba(244, 244, 244, 1) !important;\n}\n#footable_407 tbody tr:nth-child(odd):hover {\n    background-color: rgba(244, 244, 244, 1) !important;\n}\n\n#footable_407 tfoot .footable-paging {\n    background-color:  !important;\n}\n#footable_407 tfoot .footable-paging .footable-page.active a {\n    background-color:  !important;\n}\n#footable_407:not(.hide_all_borders) tfoot tr.footable-paging td {\n    border-color:  !important;\n}\n\n<\/style>\n\n    \n    \n<\/div>\n<\/div>\n\t\t\t\t\t\t<\/div>\n\t\t\t\t<\/div>\n\t\t\t\t\t<\/div>\n\t\t<\/div>\n\t\t\t\t\t<\/div>\n\t\t<\/section>\n\t\t\t\t<\/div>\n\t\t","protected":false},"excerpt":{"rendered":"","protected":false},"author":1,"featured_media":0,"parent":421,"menu_order":0,"comment_status":"closed","ping_status":"closed","template":"elementor_header_footer","meta":{"footnotes":""},"class_list":["post-436","page","type-page","status-publish","hentry","entry"],"yoast_head":"<!-- This site is optimized with the Yoast SEO plugin v27.4 - https:\/\/yoast.com\/product\/yoast-seo-wordpress\/ -->\n<title>Aquaculture - Bavet \u0130la&ccedil; San. ve Tic. A.\u015e.<\/title>\n<meta name=\"robots\" content=\"index, follow, max-snippet:-1, max-image-preview:large, max-video-preview:-1\" \/>\n<link rel=\"canonical\" href=\"https:\/\/www.bavet.com.tr\/en\/products\/animal-health\/aquaculture\/\" \/>\n<meta property=\"og:locale\" content=\"tr_TR\" \/>\n<meta property=\"og:type\" content=\"article\" \/>\n<meta property=\"og:title\" content=\"Aquaculture - Bavet \u0130la&ccedil; San. ve Tic. A.\u015e.\" \/>\n<meta property=\"og:url\" content=\"https:\/\/www.bavet.com.tr\/en\/products\/animal-health\/aquaculture\/\" \/>\n<meta property=\"og:site_name\" content=\"Bavet \u0130la&ccedil; San. ve Tic. A.\u015e.\" \/>\n<meta property=\"article:modified_time\" content=\"2022-08-18T07:25:46+00:00\" \/>\n<meta property=\"og:image\" content=\"http:\/\/www.bavet.com.tr\/en\/wp-content\/uploads\/2022\/08\/Group-122-300x127.png\" \/>\n<meta name=\"twitter:card\" content=\"summary_large_image\" \/>\n<meta name=\"twitter:label1\" content=\"Tahmini okuma s\u00fcresi\" \/>\n\t<meta name=\"twitter:data1\" content=\"3 dakika\" \/>\n<script type=\"application\/ld+json\" class=\"yoast-schema-graph\">{\"@context\":\"https:\\\/\\\/schema.org\",\"@graph\":[{\"@type\":\"WebPage\",\"@id\":\"https:\\\/\\\/www.bavet.com.tr\\\/en\\\/products\\\/animal-health\\\/aquaculture\\\/\",\"url\":\"https:\\\/\\\/www.bavet.com.tr\\\/en\\\/products\\\/animal-health\\\/aquaculture\\\/\",\"name\":\"Aquaculture - Bavet \u0130la&ccedil; San. ve Tic. A.\u015e.\",\"isPartOf\":{\"@id\":\"https:\\\/\\\/www.bavet.com.tr\\\/en\\\/#website\"},\"primaryImageOfPage\":{\"@id\":\"https:\\\/\\\/www.bavet.com.tr\\\/en\\\/products\\\/animal-health\\\/aquaculture\\\/#primaryimage\"},\"image\":{\"@id\":\"https:\\\/\\\/www.bavet.com.tr\\\/en\\\/products\\\/animal-health\\\/aquaculture\\\/#primaryimage\"},\"thumbnailUrl\":\"http:\\\/\\\/www.bavet.com.tr\\\/en\\\/wp-content\\\/uploads\\\/2022\\\/08\\\/Group-122-300x127.png\",\"datePublished\":\"2022-08-05T14:55:55+00:00\",\"dateModified\":\"2022-08-18T07:25:46+00:00\",\"breadcrumb\":{\"@id\":\"https:\\\/\\\/www.bavet.com.tr\\\/en\\\/products\\\/animal-health\\\/aquaculture\\\/#breadcrumb\"},\"inLanguage\":\"tr\",\"potentialAction\":[{\"@type\":\"ReadAction\",\"target\":[\"https:\\\/\\\/www.bavet.com.tr\\\/en\\\/products\\\/animal-health\\\/aquaculture\\\/\"]}]},{\"@type\":\"ImageObject\",\"inLanguage\":\"tr\",\"@id\":\"https:\\\/\\\/www.bavet.com.tr\\\/en\\\/products\\\/animal-health\\\/aquaculture\\\/#primaryimage\",\"url\":\"https:\\\/\\\/www.bavet.com.tr\\\/en\\\/wp-content\\\/uploads\\\/2022\\\/08\\\/Group-122.png\",\"contentUrl\":\"https:\\\/\\\/www.bavet.com.tr\\\/en\\\/wp-content\\\/uploads\\\/2022\\\/08\\\/Group-122.png\",\"width\":468,\"height\":198},{\"@type\":\"BreadcrumbList\",\"@id\":\"https:\\\/\\\/www.bavet.com.tr\\\/en\\\/products\\\/animal-health\\\/aquaculture\\\/#breadcrumb\",\"itemListElement\":[{\"@type\":\"ListItem\",\"position\":1,\"name\":\"Home\",\"item\":\"https:\\\/\\\/www.bavet.com.tr\\\/en\\\/\"},{\"@type\":\"ListItem\",\"position\":2,\"name\":\"Products\",\"item\":\"https:\\\/\\\/www.bavet.com.tr\\\/en\\\/products\\\/\"},{\"@type\":\"ListItem\",\"position\":3,\"name\":\"ANIMAL HEALTH\",\"item\":\"https:\\\/\\\/www.bavet.com.tr\\\/en\\\/products\\\/animal-health\\\/\"},{\"@type\":\"ListItem\",\"position\":4,\"name\":\"Aquaculture\"}]},{\"@type\":\"WebSite\",\"@id\":\"https:\\\/\\\/www.bavet.com.tr\\\/en\\\/#website\",\"url\":\"https:\\\/\\\/www.bavet.com.tr\\\/en\\\/\",\"name\":\"Bavet \u0130la&ccedil; San. ve Tic. A.\u015e.\",\"description\":\"\",\"publisher\":{\"@id\":\"https:\\\/\\\/www.bavet.com.tr\\\/en\\\/#organization\"},\"potentialAction\":[{\"@type\":\"SearchAction\",\"target\":{\"@type\":\"EntryPoint\",\"urlTemplate\":\"https:\\\/\\\/www.bavet.com.tr\\\/en\\\/?s={search_term_string}\"},\"query-input\":{\"@type\":\"PropertyValueSpecification\",\"valueRequired\":true,\"valueName\":\"search_term_string\"}}],\"inLanguage\":\"tr\"},{\"@type\":\"Organization\",\"@id\":\"https:\\\/\\\/www.bavet.com.tr\\\/en\\\/#organization\",\"name\":\"Bavet \u0130la&ccedil; San. ve Tic. A.\u015e.\",\"url\":\"https:\\\/\\\/www.bavet.com.tr\\\/en\\\/\",\"logo\":{\"@type\":\"ImageObject\",\"inLanguage\":\"tr\",\"@id\":\"https:\\\/\\\/www.bavet.com.tr\\\/en\\\/#\\\/schema\\\/logo\\\/image\\\/\",\"url\":\"https:\\\/\\\/www.bavet.com.tr\\\/en\\\/wp-content\\\/uploads\\\/2022\\\/08\\\/Artwork-3.png\",\"contentUrl\":\"https:\\\/\\\/www.bavet.com.tr\\\/en\\\/wp-content\\\/uploads\\\/2022\\\/08\\\/Artwork-3.png\",\"width\":150,\"height\":85,\"caption\":\"Bavet \u0130la&ccedil; San. ve Tic. A.\u015e.\"},\"image\":{\"@id\":\"https:\\\/\\\/www.bavet.com.tr\\\/en\\\/#\\\/schema\\\/logo\\\/image\\\/\"}}]}<\/script>\n<!-- \/ Yoast SEO plugin. -->","yoast_head_json":{"title":"Aquaculture - Bavet \u0130la&ccedil; San. ve Tic. A.\u015e.","robots":{"index":"index","follow":"follow","max-snippet":"max-snippet:-1","max-image-preview":"max-image-preview:large","max-video-preview":"max-video-preview:-1"},"canonical":"https:\/\/www.bavet.com.tr\/en\/products\/animal-health\/aquaculture\/","og_locale":"tr_TR","og_type":"article","og_title":"Aquaculture - Bavet \u0130la&ccedil; San. ve Tic. A.\u015e.","og_url":"https:\/\/www.bavet.com.tr\/en\/products\/animal-health\/aquaculture\/","og_site_name":"Bavet \u0130la&ccedil; San. ve Tic. A.\u015e.","article_modified_time":"2022-08-18T07:25:46+00:00","og_image":[{"url":"http:\/\/www.bavet.com.tr\/en\/wp-content\/uploads\/2022\/08\/Group-122-300x127.png","type":"","width":"","height":""}],"twitter_card":"summary_large_image","twitter_misc":{"Tahmini okuma s\u00fcresi":"3 dakika"},"schema":{"@context":"https:\/\/schema.org","@graph":[{"@type":"WebPage","@id":"https:\/\/www.bavet.com.tr\/en\/products\/animal-health\/aquaculture\/","url":"https:\/\/www.bavet.com.tr\/en\/products\/animal-health\/aquaculture\/","name":"Aquaculture - Bavet \u0130la&ccedil; San. ve Tic. A.\u015e.","isPartOf":{"@id":"https:\/\/www.bavet.com.tr\/en\/#website"},"primaryImageOfPage":{"@id":"https:\/\/www.bavet.com.tr\/en\/products\/animal-health\/aquaculture\/#primaryimage"},"image":{"@id":"https:\/\/www.bavet.com.tr\/en\/products\/animal-health\/aquaculture\/#primaryimage"},"thumbnailUrl":"http:\/\/www.bavet.com.tr\/en\/wp-content\/uploads\/2022\/08\/Group-122-300x127.png","datePublished":"2022-08-05T14:55:55+00:00","dateModified":"2022-08-18T07:25:46+00:00","breadcrumb":{"@id":"https:\/\/www.bavet.com.tr\/en\/products\/animal-health\/aquaculture\/#breadcrumb"},"inLanguage":"tr","potentialAction":[{"@type":"ReadAction","target":["https:\/\/www.bavet.com.tr\/en\/products\/animal-health\/aquaculture\/"]}]},{"@type":"ImageObject","inLanguage":"tr","@id":"https:\/\/www.bavet.com.tr\/en\/products\/animal-health\/aquaculture\/#primaryimage","url":"https:\/\/www.bavet.com.tr\/en\/wp-content\/uploads\/2022\/08\/Group-122.png","contentUrl":"https:\/\/www.bavet.com.tr\/en\/wp-content\/uploads\/2022\/08\/Group-122.png","width":468,"height":198},{"@type":"BreadcrumbList","@id":"https:\/\/www.bavet.com.tr\/en\/products\/animal-health\/aquaculture\/#breadcrumb","itemListElement":[{"@type":"ListItem","position":1,"name":"Home","item":"https:\/\/www.bavet.com.tr\/en\/"},{"@type":"ListItem","position":2,"name":"Products","item":"https:\/\/www.bavet.com.tr\/en\/products\/"},{"@type":"ListItem","position":3,"name":"ANIMAL HEALTH","item":"https:\/\/www.bavet.com.tr\/en\/products\/animal-health\/"},{"@type":"ListItem","position":4,"name":"Aquaculture"}]},{"@type":"WebSite","@id":"https:\/\/www.bavet.com.tr\/en\/#website","url":"https:\/\/www.bavet.com.tr\/en\/","name":"Bavet \u0130la&ccedil; San. ve Tic. A.\u015e.","description":"","publisher":{"@id":"https:\/\/www.bavet.com.tr\/en\/#organization"},"potentialAction":[{"@type":"SearchAction","target":{"@type":"EntryPoint","urlTemplate":"https:\/\/www.bavet.com.tr\/en\/?s={search_term_string}"},"query-input":{"@type":"PropertyValueSpecification","valueRequired":true,"valueName":"search_term_string"}}],"inLanguage":"tr"},{"@type":"Organization","@id":"https:\/\/www.bavet.com.tr\/en\/#organization","name":"Bavet \u0130la&ccedil; San. ve Tic. A.\u015e.","url":"https:\/\/www.bavet.com.tr\/en\/","logo":{"@type":"ImageObject","inLanguage":"tr","@id":"https:\/\/www.bavet.com.tr\/en\/#\/schema\/logo\/image\/","url":"https:\/\/www.bavet.com.tr\/en\/wp-content\/uploads\/2022\/08\/Artwork-3.png","contentUrl":"https:\/\/www.bavet.com.tr\/en\/wp-content\/uploads\/2022\/08\/Artwork-3.png","width":150,"height":85,"caption":"Bavet \u0130la&ccedil; San. ve Tic. A.\u015e."},"image":{"@id":"https:\/\/www.bavet.com.tr\/en\/#\/schema\/logo\/image\/"}}]}},"_links":{"self":[{"href":"https:\/\/www.bavet.com.tr\/en\/wp-json\/wp\/v2\/pages\/436","targetHints":{"allow":["GET"]}}],"collection":[{"href":"https:\/\/www.bavet.com.tr\/en\/wp-json\/wp\/v2\/pages"}],"about":[{"href":"https:\/\/www.bavet.com.tr\/en\/wp-json\/wp\/v2\/types\/page"}],"author":[{"embeddable":true,"href":"https:\/\/www.bavet.com.tr\/en\/wp-json\/wp\/v2\/users\/1"}],"replies":[{"embeddable":true,"href":"https:\/\/www.bavet.com.tr\/en\/wp-json\/wp\/v2\/comments?post=436"}],"version-history":[{"count":17,"href":"https:\/\/www.bavet.com.tr\/en\/wp-json\/wp\/v2\/pages\/436\/revisions"}],"predecessor-version":[{"id":3073,"href":"https:\/\/www.bavet.com.tr\/en\/wp-json\/wp\/v2\/pages\/436\/revisions\/3073"}],"up":[{"embeddable":true,"href":"https:\/\/www.bavet.com.tr\/en\/wp-json\/wp\/v2\/pages\/421"}],"wp:attachment":[{"href":"https:\/\/www.bavet.com.tr\/en\/wp-json\/wp\/v2\/media?parent=436"}],"curies":[{"name":"wp","href":"https:\/\/api.w.org\/{rel}","templated":true}]}}